{"id":27,"date":"2023-09-25T16:29:18","date_gmt":"2023-09-25T14:29:18","guid":{"rendered":"http:\/\/gonzalogamizfoto.com\/?page_id=27"},"modified":"2024-05-24T11:36:31","modified_gmt":"2024-05-24T09:36:31","slug":"viajes","status":"publish","type":"page","link":"https:\/\/gonzalogamizfoto.com\/en\/viajes\/","title":{"rendered":"Travels"},"content":{"rendered":"<p class=\"attachment\"><a href='https:\/\/gonzalogamizfoto.com\/wp-content\/uploads\/2021\/05\/incaOllantaytambo4b-dvn_c1_BN-1.jpg'><img fetchpriority=\"high\" decoding=\"async\" width=\"300\" height=\"198\" src=\"https:\/\/gonzalogamizfoto.com\/wp-content\/uploads\/2021\/05\/incaOllantaytambo4b-dvn_c1_BN-1.jpg\" class=\"attachment-medium size-medium\" alt=\"\" \/><\/a><\/p>\n\t\t<div data-elementor-type=\"wp-page\" data-elementor-id=\"27\" class=\"elementor elementor-27\" data-elementor-post-type=\"page\">\n\t\t\t\t<div class=\"elementor-element elementor-element-439e41e5 e-flex e-con-boxed e-con e-parent\" data-id=\"439e41e5\" data-element_type=\"container\" data-e-type=\"container\" data-settings=\"{&quot;background_background&quot;:&quot;classic&quot;}\">\n\t\t\t\t\t<div class=\"e-con-inner\">\n\t\t\t\t<div class=\"elementor-element elementor-element-d9404e3 elementor-widget elementor-widget-heading\" data-id=\"d9404e3\" data-element_type=\"widget\" data-e-type=\"widget\" data-widget_type=\"heading.default\">\n\t\t\t\t<div class=\"elementor-widget-container\">\n\t\t\t\t\t<h2 class=\"elementor-heading-title elementor-size-default\"><a href=\"http:\/\/gonzalogamizfoto.com\/viajes\/\">Viajes<\/a><\/h2>\t\t\t\t<\/div>\n\t\t\t\t<\/div>\n\t\t\t\t\t<\/div>\n\t\t\t\t<\/div>\n\t\t<div class=\"elementor-element elementor-element-6a24b29c e-flex e-con-boxed e-con e-parent\" data-id=\"6a24b29c\" data-element_type=\"container\" data-e-type=\"container\">\n\t\t\t\t\t<div class=\"e-con-inner\">\n\t\t<div class=\"elementor-element elementor-element-179b0853 e-con-full e-flex e-con e-child\" data-id=\"179b0853\" data-element_type=\"container\" data-e-type=\"container\">\n\t\t\t\t<div class=\"elementor-element elementor-element-4ac79af elementor-widget elementor-widget-text-editor\" data-id=\"4ac79af\" data-element_type=\"widget\" data-e-type=\"widget\" data-widget_type=\"text-editor.default\">\n\t\t\t\t<div class=\"elementor-widget-container\">\n\t\t\t\t\t\t\t\t\t\t<!-- The Grid Plugin Version 2.7.9.1 --><!-- The Grid Wrapper Start --><div class=\"tg-grid-wrapper tg-txt full-height\" id=\"grid-7544\" data-version=\"2.7.9.1\"><!-- The Grid Styles --><style class=\"tg-grid-styles\" type=\"text\/css\" scoped>#grid-7544 .tg-nav-color:not(.dots):not(.tg-dropdown-value):not(.tg-dropdown-title):hover,#grid-7544 .tg-nav-color:hover .tg-nav-color,#grid-7544 .tg-page-number.tg-page-current,#grid-7544 .tg-filter.tg-filter-active span{color:#ffffff}#grid-7544 .tg-filter:before,#grid-7544 .tg-filter.tg-filter-active:before{color:#999999}#grid-7544 .tg-dropdown-holder,#grid-7544 .tg-search-inner,#grid-7544 .tg-sorter-order{border:1px solid #DDDDDD}#grid-7544 .tg-search-clear,#grid-7544 .tg-search-clear:hover{border:none;border-left:1px solid #DDDDDD}.tg-txt .tg-nav-font,.tg-txt input[type=text].tg-search{font-size:14px;font-weight:600}.tg-txt .tg-search::-webkit-input-placeholder{font-size:14px}.tg-txt .tg-search::-moz-placeholder{font-size:14px}.tg-txt .tg-search:-ms-input-placeholder{font-size:14px}.tg-txt .tg-icon-left-arrow:before{content:\"\\e604\";font-size:32px;font-weight:100}.tg-txt .tg-icon-right-arrow:before{content:\"\\e602\";font-size:32px;font-weight:100}.tg-txt .tg-icon-dropdown-open:before,.tg-txt .tg-icon-sorter-down:before{content:\"\\e60a\"}.tg-txt .tg-icon-sorter-up:before{content:\"\\e609\"}.tg-txt .tg-search-clear:before{content:\"\\e611\";font-weight:300}.tg-txt .tg-search-icon:before{content:\"\\e62e\";font-size:16px;font-weight:600}#grid-7544 .tg-nav-color,#grid-7544 .tg-search-icon:hover:before,#grid-7544 .tg-search-icon:hover input,#grid-7544 .tg-disabled:hover .tg-icon-left-arrow,#grid-7544 .tg-disabled:hover .tg-icon-right-arrow,#grid-7544 .tg-dropdown-title.tg-nav-color:hover{color:#999999}#grid-7544 input.tg-search:hover{color:#999999 !important}#grid-7544 input.tg-search::-webkit-input-placeholder{color:#999999}#grid-7544 input.tg-search::-moz-placeholder{color:#999999;opacity:1}#grid-7544 input.tg-search:-ms-input-placeholder{color:#999999}.grid-7544 .tg-dropdown-item{color:#777777;background:#ffffff}.grid-7544 .tg-filter-active,.grid-7544 .tg-dropdown-item:hover{color:#444444;background:#f5f6fa}#grid-7544 .tg-slider-bullets li.tg-active-item span{background:#59585b}#grid-7544 .tg-slider-bullets li span{background:#DDDDDD}.brasilia a,.brasilia a:active,.brasilia a:focus{text-decoration:none;border:none;-webkit-box-shadow:none;box-shadow:none;-webkit-transition:opacity 0.25s ease,color 0.25s ease,-webkit-transform 0.5s cubic-bezier(.39,1.89,.55,1.45);-moz-transition:opacity 0.25s ease,color 0.25s ease,-moz-transform 0.5s cubic-bezier(.39,1.89,.55,1.45);-ms-transition:opacity 0.25s ease,color 0.25s ease,-ms-transform 0.5s cubic-bezier(.39,1.89,.55,1.45);-o-transition:opacity 0.25s ease,color 0.25s ease,-o-transform 0.5s cubic-bezier(.39,1.89,.55,1.45);transition:opacity 0.25s ease,color 0.25s ease,transform 0.5s cubic-bezier(.39,1.89,.55,1.45)}.brasilia .tg-item-content,.brasilia .tg-item-media-holder,.brasilia .tg-item-overlay{position:absolute;display:block;top:0;left:0;bottom:0;right:0}.brasilia .tg-item-link{position:absolute;display:block;top:-22px;left:-28px;right:-28px;bottom:-22px}.brasilia .tg-item-content{margin:22px 28px}.brasilia .tg-item-content,.brasilia .tg-item-overlay{opacity:0}.brasilia:hover .tg-item-content,.brasilia:hover .tg-item-overlay{opacity:1}.brasilia .tg-cats-holder,.brasilia .tg-item-title,.brasilia .tg-item-footer{-webkit-transition:-webkit-transform 0.25s ease;-moz-transition:-moz-transform 0.25s ease;-ms-transition:-ms-transform 0.25s ease;-o-transition:-o-transform 0.25s ease;transition:transform 0.25s ease}.brasilia .tg-item-title,.brasilia .tg-item-title a{position:relative;display:inline-block;font-size:20px;line-height:26px;font-weight:600;margin:0 !important;padding:0 !important}.tg-layout-justified .brasilia .tg-item-title,.tg-layout-justified .brasilia .tg-item-title a{font-size:15px;line-height:18px}.brasilia .tg-item-title{margin:0 20px 0 0 !important}.brasilia .tg-item-title{-webkit-transform:translate3d(0,22px,0);-moz-transform:translate3d(0,22px,0);-ms-transform:translate3d(0,22px,0);-o-transform:translate3d(0,22px,0);transform:translate3d(0,22px,0)}.brasilia .tg-cats-holder{position:relative;display:block;margin:0 0 10px 0;font-size:13px;line-height:18px}.brasilia .tg-cats-holder{position:relative;display:block;margin:0 0 10px 0;font-size:13px;line-height:18px;-webkit-transform:translate3d(0,-22px,0);-moz-transform:translate3d(0,-22px,0);-ms-transform:translate3d(0,-22px,0);-o-transform:translate3d(0,-22px,0);transform:translate3d(0,-22px,0)}.brasilia .tg-item-footer{position:absolute;display:block;bottom:0;left:0;right:0}.brasilia:hover .tg-cats-holder,.brasilia:hover .tg-item-title{-webkit-transform:translate3d(0,0,0);-moz-transform:translate3d(0,0,0);-ms-transform:translate3d(0,0,0);-o-transform:translate3d(0,0,0);transform:translate3d(0,0,0)}.brasilia .tg-item-author{position:absolute;display:block;bottom:0;left:0;font-size:13px;line-height:13px;font-weight:600}.brasilia .tg-media-button{position:absolute;display:block;bottom:0;right:0;width:20px;height:20px;cursor:pointer;text-align:center}.brasilia h2 a:hover,.brasilia .tg-cats-holder a:hover,.brasilia .tg-media-button:hover{opacity:0.75}.brasilia .tg-media-button i{position:relative;display:block;width:20px;height:20px;font-size:20px;line-height:20px;cursor:pointer}.brasilia .tg-media-button .tg-icon-add{font-size:28px}.tg-item .tg-dark div,.tg-item .tg-dark h1,.tg-item .tg-dark h1 a,.tg-item .tg-dark h2,.tg-item .tg-dark h2 a,.tg-item .tg-dark h3,.tg-item .tg-dark h3 a,.tg-item .tg-dark h4,.tg-item .tg-dark h4 a,.tg-item .tg-dark h5,.tg-item .tg-dark h5 a,.tg-item .tg-dark h6,.tg-item .tg-dark h6 a,.tg-item .tg-dark a,.tg-item .tg-dark a.tg-link-url,.tg-item .tg-dark i,.tg-item .tg-dark .tg-media-button,.tg-item .tg-dark .tg-item-price span{color:#444444;fill:#444444;stroke:#444444;border-color:#444444}.tg-item .tg-dark p,.tg-item .tg-dark ol,.tg-item .tg-dark ul,.tg-item .tg-dark li{color:#777777;fill:#777777;stroke:#777777;border-color:#777777}.tg-item .tg-dark span,.tg-item .tg-dark .no-liked .to-heart-icon path,.tg-item .tg-dark .empty-heart .to-heart-icon path,.tg-item .tg-dark .tg-item-comment i,.tg-item .tg-dark .tg-item-price del span{color:#999999;fill:#999999;stroke:#999999;border-color:#999999}.tg-item .tg-light div,.tg-item .tg-light h1,.tg-item .tg-light h1 a,.tg-item .tg-light h2,.tg-item .tg-light h2 a,.tg-item .tg-light h3,.tg-item .tg-light h3 a,.tg-item .tg-light h4,.tg-item .tg-light h4 a,.tg-item .tg-light h5,.tg-item .tg-light h5 a,.tg-item .tg-light h6,.tg-item .tg-light h6 a,.tg-item .tg-light a,.tg-item .tg-light a.tg-link-url,.tg-item .tg-light i,.tg-item .tg-light .tg-media-button,.tg-item .tg-light .tg-item-price span{color:#ffffff;fill:#ffffff;stroke:#ffffff;border-color:#ffffff}.tg-item .tg-light p,.tg-item .tg-light ol,.tg-item .tg-light ul,.tg-item .tg-light li{color:#f5f5f5;fill:#f5f5f5;stroke:#f5f5f5;border-color:#f5f5f5}.tg-item .tg-light span,.tg-item .tg-light .no-liked .to-heart-icon path,.tg-item .tg-light .empty-heart .to-heart-icon path,.tg-item .tg-light .tg-item-comment i,.tg-item .tg-light .tg-item-price del span{color:#f6f6f6;fill:#f6f6f6;stroke:#f6f6f6;border-color:#f6f6f6}#grid-7544 .tg-item-content-holder{background-color:#ffffff}#grid-7544 .tg-item-overlay{background-color:rgba(196,196,196,0.65)}<\/style><!-- The Grid Item Sizer --><div class=\"tg-grid-sizer\"><\/div><!-- The Grid Gutter Sizer --><div class=\"tg-gutter-sizer\"><\/div><!-- The Grid Items Holder --><div class=\"tg-grid-holder tg-layout-grid\"  data-name=\"Viajes 7544\"  data-style=\"grid\" data-row=\"1\" data-layout=\"vertical\" data-rtl=\"\" data-fitrows=\"\" data-filtercomb=\"\" data-filterlogic=\"AND\" data-filterload =\"\" data-sortbyload =\"\" data-orderload =\"false\" data-fullwidth=\"\" data-fullheight=\"null\" data-gutters=\"[[320,2],[480,2],[768,2],[980,2],[1200,2],[9999,2]]\" data-slider='{\"itemNav\":\"null\",\"swingSpeed\":0.1,\"cycleBy\":\"null\",\"cycle\":5000,\"startAt\":1}' data-ratio=\"1.30\" data-cols=\"[[320,1],[480,2],[768,3],[980,3],[1200,3],[9999,3]]\" data-rows=\"[[320,200],[480,200],[768,220],[980,220],[1200,240],[9999,263]]\" data-animation='{&quot;name&quot;:&quot;Fade in&quot;,&quot;visible&quot;:&quot;&quot;,&quot;hidden&quot;:&quot;&quot;}' data-transition=\"700ms\" data-ajaxmethod=\"\" data-ajaxdelay=\"100\" data-preloader=\"\" data-itemdelay=\"100\" data-gallery=\"\" data-ajax=\"\"><!-- The Grid item #1 --><article class=\"tg-item tg-post-3519 brasilia\" data-row=\"1\" data-col=\"1\"><div class=\"tg-item-inner\"><div class=\"tg-item-media-holder tg-light\"><div class=\"tg-item-media-inner\"><div class=\"tg-item-image\" style=\"background-image: url(https:\/\/gonzalogamizfoto.com\/wp-content\/uploads\/2020\/06\/vacas2a-dvn_c_000_med.jpg)\"><\/div><\/div><div class=\"tg-item-overlay\"><\/div><div class=\"tg-item-content\"><a class=\"tg-item-link\" href=\"http:\/\/gonzalogamizfoto.com\/viajes\/india-norte\/\" target=\"_self\"><\/a><h2 class=\"tg-item-title\"><a href=\"http:\/\/gonzalogamizfoto.com\/viajes\/india-norte\/\" target=\"_self\">India Norte<\/a><\/h2><div class=\"tg-item-footer\"><span class=\"tg-item-author\"><a href=\"https:\/\/gonzalogamizfoto.com\/en\/author\/wp-gonzalo-gamiz-foto\/\" target=\"_self\" style=\"color:#ffffff\">Gonzalo G\u00e1miz<\/a><\/span><a id=\"tolb-75443519\" class=\"tg-media-button\" data-tolb-src=\"https:\/\/gonzalogamizfoto.com\/wp-content\/uploads\/2020\/06\/vacas2a-dvn_c_000_med.jpg\" data-tolb-type=\"image\" data-tolb-alt=\"India Norte\"><i class=\"tg-icon-add\"><\/i><\/a><\/div><\/div><\/div><\/div><\/article><!-- The Grid item #2 --><article class=\"tg-item tg-post-3913 brasilia\" data-row=\"1\" data-col=\"1\"><div class=\"tg-item-inner\"><div class=\"tg-item-media-holder tg-light\"><div class=\"tg-item-media-inner\"><div class=\"tg-item-image\" style=\"background-image: url(https:\/\/gonzalogamizfoto.com\/wp-content\/uploads\/2020\/12\/DSC5537-Puerto-Kollam-15-color.jpg)\"><\/div><\/div><div class=\"tg-item-overlay\"><\/div><div class=\"tg-item-content\"><a class=\"tg-item-link\" href=\"http:\/\/gonzalogamizfoto.com\/viajes\/india-sur\/\" target=\"_self\"><\/a><h2 class=\"tg-item-title\"><a href=\"http:\/\/gonzalogamizfoto.com\/viajes\/india-sur\/\" target=\"_self\">India Sur<\/a><\/h2><div class=\"tg-item-footer\"><span class=\"tg-item-author\"><a href=\"https:\/\/gonzalogamizfoto.com\/en\/author\/wp-gonzalo-gamiz-foto\/\" target=\"_self\" style=\"color:#ffffff\">Gonzalo G\u00e1miz<\/a><\/span><a id=\"tolb-75443913\" class=\"tg-media-button\" data-tolb-src=\"https:\/\/gonzalogamizfoto.com\/wp-content\/uploads\/2020\/12\/DSC5537-Puerto-Kollam-15-color.jpg\" data-tolb-type=\"image\" data-tolb-alt=\"India Sur\"><i class=\"tg-icon-add\"><\/i><\/a><\/div><\/div><\/div><\/div><\/article><!-- The Grid item #3 --><article class=\"tg-item tg-post-4114 brasilia\" data-row=\"1\" data-col=\"1\"><div class=\"tg-item-inner\"><div class=\"tg-item-media-holder tg-light\"><div class=\"tg-item-media-inner\"><div class=\"tg-item-image\" style=\"background-image: url(https:\/\/gonzalogamizfoto.com\/wp-content\/uploads\/2021\/03\/Las-Hurdes.jpg)\"><\/div><\/div><div class=\"tg-item-overlay\"><\/div><div class=\"tg-item-content\"><a class=\"tg-item-link\" href=\"http:\/\/gonzalogamizfoto.com\/viajes\/las-hurdes\/\" target=\"_self\"><\/a><h2 class=\"tg-item-title\"><a href=\"http:\/\/gonzalogamizfoto.com\/viajes\/las-hurdes\/\" target=\"_self\">Las Hurdes<\/a><\/h2><div class=\"tg-item-footer\"><span class=\"tg-item-author\"><a href=\"https:\/\/gonzalogamizfoto.com\/en\/author\/wp-gonzalo-gamiz-foto\/\" target=\"_self\" style=\"color:#ffffff\">Gonzalo G\u00e1miz<\/a><\/span><a id=\"tolb-75444114\" class=\"tg-media-button\" data-tolb-src=\"https:\/\/gonzalogamizfoto.com\/wp-content\/uploads\/2021\/03\/Las-Hurdes.jpg\" data-tolb-type=\"image\" data-tolb-alt=\"Las Hurdes\"><i class=\"tg-icon-add\"><\/i><\/a><\/div><\/div><\/div><\/div><\/article><!-- The Grid item #4 --><article class=\"tg-item tg-post-4113 brasilia\" data-row=\"1\" data-col=\"1\"><div class=\"tg-item-inner\"><div class=\"tg-item-media-holder tg-light\"><div class=\"tg-item-media-inner\"><div class=\"tg-item-image\" style=\"background-image: url(https:\/\/gonzalogamizfoto.com\/wp-content\/uploads\/2021\/03\/DSC0076-HDR-Pano-Callejon-Estanco-1.jpg)\"><\/div><\/div><div class=\"tg-item-overlay\"><\/div><div class=\"tg-item-content\"><a class=\"tg-item-link\" href=\"http:\/\/gonzalogamizfoto.com\/viajes\/la-axarquia\/\" target=\"_self\"><\/a><h2 class=\"tg-item-title\"><a href=\"http:\/\/gonzalogamizfoto.com\/viajes\/la-axarquia\/\" target=\"_self\">La Axarqu\u00eda<\/a><\/h2><div class=\"tg-item-footer\"><span class=\"tg-item-author\"><a href=\"https:\/\/gonzalogamizfoto.com\/en\/author\/wp-gonzalo-gamiz-foto\/\" target=\"_self\" style=\"color:#ffffff\">Gonzalo G\u00e1miz<\/a><\/span><a id=\"tolb-75444113\" class=\"tg-media-button\" data-tolb-src=\"https:\/\/gonzalogamizfoto.com\/wp-content\/uploads\/2021\/03\/DSC0076-HDR-Pano-Callejon-Estanco-1.jpg\" data-tolb-type=\"image\" data-tolb-alt=\"La Axarqu\u00eda\"><i class=\"tg-icon-add\"><\/i><\/a><\/div><\/div><\/div><\/div><\/article><!-- The Grid item #5 --><article class=\"tg-item tg-post-2577 brasilia\" data-row=\"1\" data-col=\"1\"><div class=\"tg-item-inner\"><div class=\"tg-item-media-holder tg-light\"><div class=\"tg-item-media-inner\"><div class=\"tg-item-image\" style=\"background-image: url(https:\/\/gonzalogamizfoto.com\/wp-content\/uploads\/2018\/08\/El-Torcal.jpg)\"><\/div><\/div><div class=\"tg-item-overlay\"><\/div><div class=\"tg-item-content\"><a class=\"tg-item-link\" href=\"http:\/\/gonzalogamizfoto.com\/viajes\/el-torcal\/\" target=\"_self\"><\/a><h2 class=\"tg-item-title\"><a href=\"http:\/\/gonzalogamizfoto.com\/viajes\/el-torcal\/\" target=\"_self\">El Torcal<\/a><\/h2><div class=\"tg-item-footer\"><span class=\"tg-item-author\"><a href=\"https:\/\/gonzalogamizfoto.com\/en\/author\/wp-gonzalo-gamiz-foto\/\" target=\"_self\" style=\"color:#ffffff\">Gonzalo G\u00e1miz<\/a><\/span><a id=\"tolb-75442577\" class=\"tg-media-button\" data-tolb-src=\"https:\/\/gonzalogamizfoto.com\/wp-content\/uploads\/2018\/08\/El-Torcal.jpg\" data-tolb-type=\"image\" data-tolb-alt=\"El Torcal\"><i class=\"tg-icon-add\"><\/i><\/a><\/div><\/div><\/div><\/div><\/article><!-- The Grid item #6 --><article class=\"tg-item tg-post-3033 brasilia\" data-row=\"1\" data-col=\"1\"><div class=\"tg-item-inner\"><div class=\"tg-item-media-holder tg-light\"><div class=\"tg-item-media-inner\"><div class=\"tg-item-image\" style=\"background-image: url(https:\/\/gonzalogamizfoto.com\/wp-content\/uploads\/2020\/04\/Indonesia.jpg)\"><\/div><\/div><div class=\"tg-item-overlay\"><\/div><div class=\"tg-item-content\"><a class=\"tg-item-link\" href=\"http:\/\/gonzalogamizfoto.com\/viajes\/indonesia\/\" target=\"_self\"><\/a><h2 class=\"tg-item-title\"><a href=\"http:\/\/gonzalogamizfoto.com\/viajes\/indonesia\/\" target=\"_self\">Indonesia<\/a><\/h2><div class=\"tg-item-footer\"><span class=\"tg-item-author\"><a href=\"https:\/\/gonzalogamizfoto.com\/en\/author\/wp-gonzalo-gamiz-foto\/\" target=\"_self\" style=\"color:#ffffff\">Gonzalo G\u00e1miz<\/a><\/span><a id=\"tolb-75443033\" class=\"tg-media-button\" data-tolb-src=\"https:\/\/gonzalogamizfoto.com\/wp-content\/uploads\/2020\/04\/Indonesia.jpg\" data-tolb-type=\"image\" data-tolb-alt=\"Indonesia\"><i class=\"tg-icon-add\"><\/i><\/a><\/div><\/div><\/div><\/div><\/article><!-- The Grid item #7 --><article class=\"tg-item tg-post-4359 brasilia\" data-row=\"1\" data-col=\"1\"><div class=\"tg-item-inner\"><div class=\"tg-item-media-holder tg-light\"><div class=\"tg-item-media-inner\"><div class=\"tg-item-image\" style=\"background-image: url(https:\/\/gonzalogamizfoto.com\/wp-content\/uploads\/2021\/05\/incaOllantaytambo4b-dvn_c1_BN-1.jpg)\"><\/div><\/div><div class=\"tg-item-overlay\"><\/div><div class=\"tg-item-content\"><a class=\"tg-item-link\" href=\"http:\/\/gonzalogamizfoto.com\/viajes\/peru\/\" target=\"_self\"><\/a><h2 class=\"tg-item-title\"><a href=\"http:\/\/gonzalogamizfoto.com\/viajes\/peru\/\" target=\"_self\">Per\u00fa<\/a><\/h2><div class=\"tg-item-footer\"><span class=\"tg-item-author\"><a href=\"https:\/\/gonzalogamizfoto.com\/en\/author\/wp-gonzalo-gamiz-foto\/\" target=\"_self\" style=\"color:#ffffff\">Gonzalo G\u00e1miz<\/a><\/span><a id=\"tolb-75444359\" class=\"tg-media-button\" data-tolb-src=\"https:\/\/gonzalogamizfoto.com\/wp-content\/uploads\/2021\/05\/incaOllantaytambo4b-dvn_c1_BN-1.jpg\" data-tolb-type=\"image\" data-tolb-alt=\"Per\u00fa\"><i class=\"tg-icon-add\"><\/i><\/a><\/div><\/div><\/div><\/div><\/article><\/div><\/div><!-- The Grid Wrapper End -->\t\t\t\t\t\t\t\t<\/div>\n\t\t\t\t<\/div>\n\t\t\t\t<\/div>\n\t\t<div class=\"elementor-element elementor-element-40c4c4d3 e-con-full elementor-hidden-mobile e-flex e-con e-child\" data-id=\"40c4c4d3\" data-element_type=\"container\" data-e-type=\"container\">\n\t\t\t\t<div class=\"elementor-element elementor-element-44ad8d6a hfe-nav-menu__align-left hfe-submenu-icon-arrow hfe-link-redirect-child hfe-nav-menu__breakpoint-tablet elementor-widget elementor-widget-navigation-menu\" data-id=\"44ad8d6a\" data-element_type=\"widget\" data-e-type=\"widget\" data-settings=\"{&quot;padding_horizontal_menu_item&quot;:{&quot;unit&quot;:&quot;px&quot;,&quot;size&quot;:0,&quot;sizes&quot;:[]},&quot;padding_horizontal_menu_item_tablet&quot;:{&quot;unit&quot;:&quot;px&quot;,&quot;size&quot;:&quot;&quot;,&quot;sizes&quot;:[]},&quot;padding_horizontal_menu_item_mobile&quot;:{&quot;unit&quot;:&quot;px&quot;,&quot;size&quot;:&quot;&quot;,&quot;sizes&quot;:[]},&quot;padding_vertical_menu_item&quot;:{&quot;unit&quot;:&quot;px&quot;,&quot;size&quot;:15,&quot;sizes&quot;:[]},&quot;padding_vertical_menu_item_tablet&quot;:{&quot;unit&quot;:&quot;px&quot;,&quot;size&quot;:&quot;&quot;,&quot;sizes&quot;:[]},&quot;padding_vertical_menu_item_mobile&quot;:{&quot;unit&quot;:&quot;px&quot;,&quot;size&quot;:&quot;&quot;,&quot;sizes&quot;:[]},&quot;menu_space_between&quot;:{&quot;unit&quot;:&quot;px&quot;,&quot;size&quot;:&quot;&quot;,&quot;sizes&quot;:[]},&quot;menu_space_between_tablet&quot;:{&quot;unit&quot;:&quot;px&quot;,&quot;size&quot;:&quot;&quot;,&quot;sizes&quot;:[]},&quot;menu_space_between_mobile&quot;:{&quot;unit&quot;:&quot;px&quot;,&quot;size&quot;:&quot;&quot;,&quot;sizes&quot;:[]},&quot;dropdown_border_radius&quot;:{&quot;unit&quot;:&quot;px&quot;,&quot;top&quot;:&quot;&quot;,&quot;right&quot;:&quot;&quot;,&quot;bottom&quot;:&quot;&quot;,&quot;left&quot;:&quot;&quot;,&quot;isLinked&quot;:true},&quot;dropdown_border_radius_tablet&quot;:{&quot;unit&quot;:&quot;px&quot;,&quot;top&quot;:&quot;&quot;,&quot;right&quot;:&quot;&quot;,&quot;bottom&quot;:&quot;&quot;,&quot;left&quot;:&quot;&quot;,&quot;isLinked&quot;:true},&quot;dropdown_border_radius_mobile&quot;:{&quot;unit&quot;:&quot;px&quot;,&quot;top&quot;:&quot;&quot;,&quot;right&quot;:&quot;&quot;,&quot;bottom&quot;:&quot;&quot;,&quot;left&quot;:&quot;&quot;,&quot;isLinked&quot;:true},&quot;padding_horizontal_dropdown_item&quot;:{&quot;unit&quot;:&quot;px&quot;,&quot;size&quot;:&quot;&quot;,&quot;sizes&quot;:[]},&quot;padding_horizontal_dropdown_item_tablet&quot;:{&quot;unit&quot;:&quot;px&quot;,&quot;size&quot;:&quot;&quot;,&quot;sizes&quot;:[]},&quot;padding_horizontal_dropdown_item_mobile&quot;:{&quot;unit&quot;:&quot;px&quot;,&quot;size&quot;:&quot;&quot;,&quot;sizes&quot;:[]},&quot;padding_vertical_dropdown_item&quot;:{&quot;unit&quot;:&quot;px&quot;,&quot;size&quot;:15,&quot;sizes&quot;:[]},&quot;padding_vertical_dropdown_item_tablet&quot;:{&quot;unit&quot;:&quot;px&quot;,&quot;size&quot;:&quot;&quot;,&quot;sizes&quot;:[]},&quot;padding_vertical_dropdown_item_mobile&quot;:{&quot;unit&quot;:&quot;px&quot;,&quot;size&quot;:&quot;&quot;,&quot;sizes&quot;:[]},&quot;distance_from_menu&quot;:{&quot;unit&quot;:&quot;px&quot;,&quot;size&quot;:&quot;&quot;,&quot;sizes&quot;:[]},&quot;distance_from_menu_tablet&quot;:{&quot;unit&quot;:&quot;px&quot;,&quot;size&quot;:&quot;&quot;,&quot;sizes&quot;:[]},&quot;distance_from_menu_mobile&quot;:{&quot;unit&quot;:&quot;px&quot;,&quot;size&quot;:&quot;&quot;,&quot;sizes&quot;:[]},&quot;toggle_size&quot;:{&quot;unit&quot;:&quot;px&quot;,&quot;size&quot;:&quot;&quot;,&quot;sizes&quot;:[]},&quot;toggle_size_tablet&quot;:{&quot;unit&quot;:&quot;px&quot;,&quot;size&quot;:&quot;&quot;,&quot;sizes&quot;:[]},&quot;toggle_size_mobile&quot;:{&quot;unit&quot;:&quot;px&quot;,&quot;size&quot;:&quot;&quot;,&quot;sizes&quot;:[]},&quot;toggle_border_width&quot;:{&quot;unit&quot;:&quot;px&quot;,&quot;size&quot;:&quot;&quot;,&quot;sizes&quot;:[]},&quot;toggle_border_width_tablet&quot;:{&quot;unit&quot;:&quot;px&quot;,&quot;size&quot;:&quot;&quot;,&quot;sizes&quot;:[]},&quot;toggle_border_width_mobile&quot;:{&quot;unit&quot;:&quot;px&quot;,&quot;size&quot;:&quot;&quot;,&quot;sizes&quot;:[]},&quot;toggle_border_radius&quot;:{&quot;unit&quot;:&quot;px&quot;,&quot;size&quot;:&quot;&quot;,&quot;sizes&quot;:[]},&quot;toggle_border_radius_tablet&quot;:{&quot;unit&quot;:&quot;px&quot;,&quot;size&quot;:&quot;&quot;,&quot;sizes&quot;:[]},&quot;toggle_border_radius_mobile&quot;:{&quot;unit&quot;:&quot;px&quot;,&quot;size&quot;:&quot;&quot;,&quot;sizes&quot;:[]}}\" data-widget_type=\"navigation-menu.default\">\n\t\t\t\t<div class=\"elementor-widget-container\">\n\t\t\t\t\t\t\t\t<div class=\"hfe-nav-menu hfe-layout-vertical hfe-nav-menu-layout vertical\" data-layout=\"vertical\">\n\t\t\t\t<div role=\"button\" class=\"hfe-nav-menu__toggle elementor-clickable\" tabindex=\"0\" aria-label=\"Menu Toggle\">\n\t\t\t\t\t<span class=\"screen-reader-text\">Menu<\/span>\n\t\t\t\t\t<div class=\"hfe-nav-menu-icon\">\n\t\t\t\t\t\t<i aria-hidden=\"true\"  class=\"fas fa-align-justify\"><\/i>\t\t\t\t\t<\/div>\n\t\t\t\t<\/div>\n\t\t\t\t<nav class=\"hfe-nav-menu__layout-vertical hfe-nav-menu__submenu-arrow\" data-toggle-icon=\"&lt;i aria-hidden=&quot;true&quot; tabindex=&quot;0&quot; class=&quot;fas fa-align-justify&quot;&gt;&lt;\/i&gt;\" data-close-icon=\"&lt;i aria-hidden=&quot;true&quot; tabindex=&quot;0&quot; class=&quot;far fa-window-close&quot;&gt;&lt;\/i&gt;\" data-full-width=\"yes\">\n\t\t\t\t\t<ul id=\"menu-1-44ad8d6a\" class=\"hfe-nav-menu\"><li id=\"menu-item-5411\" class=\"menu-item menu-item-type-post_type menu-item-object-page parent hfe-creative-menu\"><a href=\"https:\/\/gonzalogamizfoto.com\/en\/viajes\/india-norte\/\" class = \"hfe-menu-item\">India Norte<\/a><\/li>\n<li id=\"menu-item-5410\" class=\"menu-item menu-item-type-post_type menu-item-object-page parent hfe-creative-menu\"><a href=\"https:\/\/gonzalogamizfoto.com\/en\/viajes\/india-sur\/\" class = \"hfe-menu-item\">India Sur<\/a><\/li>\n<li id=\"menu-item-5409\" class=\"menu-item menu-item-type-post_type menu-item-object-page parent hfe-creative-menu\"><a href=\"https:\/\/gonzalogamizfoto.com\/en\/viajes\/las-hurdes\/\" class = \"hfe-menu-item\">Las Hurdes<\/a><\/li>\n<li id=\"menu-item-5408\" class=\"menu-item menu-item-type-post_type menu-item-object-page parent hfe-creative-menu\"><a href=\"https:\/\/gonzalogamizfoto.com\/en\/viajes\/la-axarquia\/\" class = \"hfe-menu-item\">La Axarqu\u00eda<\/a><\/li>\n<li id=\"menu-item-5407\" class=\"menu-item menu-item-type-post_type menu-item-object-page parent hfe-creative-menu\"><a href=\"https:\/\/gonzalogamizfoto.com\/en\/viajes\/el-torcal\/\" class = \"hfe-menu-item\">El Torcal<\/a><\/li>\n<li id=\"menu-item-5406\" class=\"menu-item menu-item-type-post_type menu-item-object-page parent hfe-creative-menu\"><a href=\"https:\/\/gonzalogamizfoto.com\/en\/viajes\/indonesia\/\" class = \"hfe-menu-item\">Indonesia<\/a><\/li>\n<li id=\"menu-item-5405\" class=\"menu-item menu-item-type-post_type menu-item-object-page parent hfe-creative-menu\"><a href=\"https:\/\/gonzalogamizfoto.com\/en\/viajes\/peru\/\" class = \"hfe-menu-item\">Per\u00fa<\/a><\/li>\n<\/ul> \n\t\t\t\t<\/nav>\n\t\t\t<\/div>\n\t\t\t\t\t\t\t<\/div>\n\t\t\t\t<\/div>\n\t\t\t\t<\/div>\n\t\t\t\t\t<\/div>\n\t\t\t\t<\/div>\n\t\t\t\t<\/div>\n\t\t","protected":false},"excerpt":{"rendered":"<p>Viajes Men\u00fa India Norte India Sur Las Hurdes La Axarqu\u00eda El Torcal Indonesia Per\u00fa<\/p>","protected":false},"author":2,"featured_media":0,"parent":0,"menu_order":0,"comment_status":"closed","ping_status":"closed","template":"","meta":{"footnotes":""},"class_list":["post-27","page","type-page","status-publish","hentry"],"_links":{"self":[{"href":"https:\/\/gonzalogamizfoto.com\/en\/wp-json\/wp\/v2\/pages\/27","targetHints":{"allow":["GET"]}}],"collection":[{"href":"https:\/\/gonzalogamizfoto.com\/en\/wp-json\/wp\/v2\/pages"}],"about":[{"href":"https:\/\/gonzalogamizfoto.com\/en\/wp-json\/wp\/v2\/types\/page"}],"author":[{"embeddable":true,"href":"https:\/\/gonzalogamizfoto.com\/en\/wp-json\/wp\/v2\/users\/2"}],"replies":[{"embeddable":true,"href":"https:\/\/gonzalogamizfoto.com\/en\/wp-json\/wp\/v2\/comments?post=27"}],"version-history":[{"count":82,"href":"https:\/\/gonzalogamizfoto.com\/en\/wp-json\/wp\/v2\/pages\/27\/revisions"}],"predecessor-version":[{"id":9188,"href":"https:\/\/gonzalogamizfoto.com\/en\/wp-json\/wp\/v2\/pages\/27\/revisions\/9188"}],"wp:attachment":[{"href":"https:\/\/gonzalogamizfoto.com\/en\/wp-json\/wp\/v2\/media?parent=27"}],"curies":[{"name":"wp","href":"https:\/\/api.w.org\/{rel}","templated":true}]}}