{"id":33,"date":"2023-09-25T16:30:05","date_gmt":"2023-09-25T14:30:05","guid":{"rendered":"http:\/\/gonzalogamizfoto.com\/?page_id=33"},"modified":"2024-05-24T11:43:29","modified_gmt":"2024-05-24T09:43:29","slug":"el-autor","status":"publish","type":"page","link":"https:\/\/gonzalogamizfoto.com\/en\/el-autor\/","title":{"rendered":"The Author"},"content":{"rendered":"<div data-elementor-type=\"wp-page\" data-elementor-id=\"33\" class=\"elementor elementor-33\" data-elementor-post-type=\"page\">\n\t\t\t\t<div class=\"elementor-element elementor-element-4e74eb6b e-flex e-con-boxed e-con e-parent\" data-id=\"4e74eb6b\" data-element_type=\"container\" data-e-type=\"container\" data-settings=\"{&quot;background_background&quot;:&quot;classic&quot;}\">\n\t\t\t\t\t<div class=\"e-con-inner\">\n\t\t\t\t<div class=\"elementor-element elementor-element-53d54216 elementor-widget elementor-widget-heading\" data-id=\"53d54216\" data-element_type=\"widget\" data-e-type=\"widget\" data-widget_type=\"heading.default\">\n\t\t\t\t<div class=\"elementor-widget-container\">\n\t\t\t\t\t<h2 class=\"elementor-heading-title elementor-size-default\">The Author<\/h2>\t\t\t\t<\/div>\n\t\t\t\t<\/div>\n\t\t\t\t\t<\/div>\n\t\t\t\t<\/div>\n\t\t<div class=\"elementor-element elementor-element-6728a77e e-flex e-con-boxed e-con e-parent\" data-id=\"6728a77e\" data-element_type=\"container\" data-e-type=\"container\">\n\t\t\t\t\t<div class=\"e-con-inner\">\n\t\t<div class=\"elementor-element elementor-element-75337a43 e-con-full e-flex e-con e-child\" data-id=\"75337a43\" data-element_type=\"container\" data-e-type=\"container\">\n\t\t\t\t<div class=\"elementor-element elementor-element-f83d335 elementor-widget elementor-widget-image\" data-id=\"f83d335\" data-element_type=\"widget\" data-e-type=\"widget\" data-widget_type=\"image.default\">\n\t\t\t\t<div class=\"elementor-widget-container\">\n\t\t\t\t\t\t\t\t\t\t\t\t\t\t\t<img fetchpriority=\"high\" decoding=\"async\" width=\"800\" height=\"800\" src=\"https:\/\/gonzalogamizfoto.com\/wp-content\/uploads\/2024\/01\/El-Autor.jpg\" class=\"attachment-large size-large wp-image-9046\" alt=\"\" srcset=\"https:\/\/gonzalogamizfoto.com\/wp-content\/uploads\/2024\/01\/El-Autor.jpg 955w, https:\/\/gonzalogamizfoto.com\/wp-content\/uploads\/2024\/01\/El-Autor-300x300.jpg 300w, https:\/\/gonzalogamizfoto.com\/wp-content\/uploads\/2024\/01\/El-Autor-150x150.jpg 150w, https:\/\/gonzalogamizfoto.com\/wp-content\/uploads\/2024\/01\/El-Autor-768x768.jpg 768w, https:\/\/gonzalogamizfoto.com\/wp-content\/uploads\/2024\/01\/El-Autor-12x12.jpg 12w, https:\/\/gonzalogamizfoto.com\/wp-content\/uploads\/2024\/01\/El-Autor-500x500.jpg 500w\" sizes=\"(max-width: 800px) 100vw, 800px\" \/>\t\t\t\t\t\t\t\t\t\t\t\t\t\t\t<\/div>\n\t\t\t\t<\/div>\n\t\t\t\t<\/div>\n\t\t<div class=\"elementor-element elementor-element-2eefa9b7 e-con-full e-flex e-con e-child\" data-id=\"2eefa9b7\" data-element_type=\"container\" data-e-type=\"container\">\n\t\t\t\t<div class=\"elementor-element elementor-element-1e5c0b32 elementor-widget elementor-widget-text-editor\" data-id=\"1e5c0b32\" data-element_type=\"widget\" data-e-type=\"widget\" data-widget_type=\"text-editor.default\">\n\t\t\t\t<div class=\"elementor-widget-container\">\n\t\t\t\t\t\t\t\t\t<p>My interest in photography arose from my passion for the sea in the late '80s. As a Marine Biologist and diver, I started exploring photographic techniques to capture life beneath the ocean's surface.<\/p>\t\t\t\t\t\t\t\t<\/div>\n\t\t\t\t<\/div>\n\t\t\t\t<div class=\"elementor-element elementor-element-73ed581 elementor-widget elementor-widget-text-editor\" data-id=\"73ed581\" data-element_type=\"widget\" data-e-type=\"widget\" data-widget_type=\"text-editor.default\">\n\t\t\t\t<div class=\"elementor-widget-container\">\n\t\t\t\t\t\t\t\t\t<p>Simultaneously, my work as an Environmental Consultant in the maritime sector inspired me to focus on photographing the coasts and ports of Spain and various countries I visited, especially in Asia. I aimed to capture their landscapes and the lives of their people.<\/p>\t\t\t\t\t\t\t\t<\/div>\n\t\t\t\t<\/div>\n\t\t\t\t<div class=\"elementor-element elementor-element-10bad5d elementor-widget elementor-widget-text-editor\" data-id=\"10bad5d\" data-element_type=\"widget\" data-e-type=\"widget\" data-widget_type=\"text-editor.default\">\n\t\t\t\t<div class=\"elementor-widget-container\">\n\t\t\t\t\t\t\t\t\t<p>However, it wasn't until 2005, as an enthusiast discovering the possibilities of digital photography and post-processing beyond the moment of capture, using techniques inspired by traditional development, that I sought to advance my self-taught knowledge and experience in capturing images. I moved beyond being a mere spectator to convey the personal meaning and inspiration that motivated each shot.<\/p>\t\t\t\t\t\t\t\t<\/div>\n\t\t\t\t<\/div>\n\t\t\t\t<div class=\"elementor-element elementor-element-f4d90fa elementor-widget elementor-widget-text-editor\" data-id=\"f4d90fa\" data-element_type=\"widget\" data-e-type=\"widget\" data-widget_type=\"text-editor.default\">\n\t\t\t\t<div class=\"elementor-widget-container\">\n\t\t\t\t\t\t\t\t\t<p>Little by little, as I progressed in learning and experience, my technique became simpler and more precise, striving to use minimal tools to express the essence of what unfolds before my camera. Above all, I aim to present reality with a sincere and personal approach through photographs that prioritize substance over form, spirit over body, and existence over presence.<\/p>\t\t\t\t\t\t\t\t<\/div>\n\t\t\t\t<\/div>\n\t\t\t\t<\/div>\n\t\t\t\t\t<\/div>\n\t\t\t\t<\/div>\n\t\t<div class=\"elementor-element elementor-element-d3c2f67 e-flex e-con-boxed e-con e-parent\" data-id=\"d3c2f67\" data-element_type=\"container\" data-e-type=\"container\">\n\t\t\t\t\t<div class=\"e-con-inner\">\n\t\t\t\t<div class=\"elementor-element elementor-element-7be6232 elementor-widget elementor-widget-text-editor\" data-id=\"7be6232\" data-element_type=\"widget\" data-e-type=\"widget\" data-widget_type=\"text-editor.default\">\n\t\t\t\t<div class=\"elementor-widget-container\">\n\t\t\t\t\t\t\t\t\tAbove all, I try to show reality with a sincere and personal approach, through photographs that prioritise substance over form, spirit over body, and existence over presence. I consider the image as a form of narration in which I use visual force to direct the gaze towards a less obvious reality; and this new reality can and must be different for each viewer, thus enhancing the meaning and message of the photograph.\t\t\t\t\t\t\t\t<\/div>\n\t\t\t\t<\/div>\n\t\t\t\t\t<\/div>\n\t\t\t\t<\/div>\n\t\t\t\t<\/div>","protected":false},"excerpt":{"rendered":"<p>El Autor Mi inter\u00e9s por la fotograf\u00eda surgi\u00f3 a ra\u00edz de mi vocaci\u00f3n por el mar, hacia finales de los 80. As\u00ed, siendo Licenciado en Biolog\u00eda y Buceador, me inici\u00e9 en las t\u00e9cnicas fotogr\u00e1ficas con el fin de captar la vida de los fondos marinos. Por otro lado, mi trabajo como Consultor Ambiental en el [&hellip;]<\/p>\n","protected":false},"author":2,"featured_media":0,"parent":0,"menu_order":0,"comment_status":"closed","ping_status":"closed","template":"","meta":{"footnotes":""},"class_list":["post-33","page","type-page","status-publish","hentry"],"_links":{"self":[{"href":"https:\/\/gonzalogamizfoto.com\/en\/wp-json\/wp\/v2\/pages\/33","targetHints":{"allow":["GET"]}}],"collection":[{"href":"https:\/\/gonzalogamizfoto.com\/en\/wp-json\/wp\/v2\/pages"}],"about":[{"href":"https:\/\/gonzalogamizfoto.com\/en\/wp-json\/wp\/v2\/types\/page"}],"author":[{"embeddable":true,"href":"https:\/\/gonzalogamizfoto.com\/en\/wp-json\/wp\/v2\/users\/2"}],"replies":[{"embeddable":true,"href":"https:\/\/gonzalogamizfoto.com\/en\/wp-json\/wp\/v2\/comments?post=33"}],"version-history":[{"count":83,"href":"https:\/\/gonzalogamizfoto.com\/en\/wp-json\/wp\/v2\/pages\/33\/revisions"}],"predecessor-version":[{"id":9254,"href":"https:\/\/gonzalogamizfoto.com\/en\/wp-json\/wp\/v2\/pages\/33\/revisions\/9254"}],"wp:attachment":[{"href":"https:\/\/gonzalogamizfoto.com\/en\/wp-json\/wp\/v2\/media?parent=33"}],"curies":[{"name":"wp","href":"https:\/\/api.w.org\/{rel}","templated":true}]}}