{"id":5431,"date":"2023-09-27T11:06:56","date_gmt":"2023-09-27T09:06:56","guid":{"rendered":"http:\/\/gonzalogamizfoto.com\/?page_id=5431"},"modified":"2024-12-12T08:33:44","modified_gmt":"2024-12-12T07:33:44","slug":"aviso-legal","status":"publish","type":"page","link":"https:\/\/gonzalogamizfoto.com\/en\/aviso-legal\/","title":{"rendered":"Legal warning"},"content":{"rendered":"<div data-elementor-type=\"wp-page\" data-elementor-id=\"5431\" class=\"elementor elementor-5431\" data-elementor-post-type=\"page\">\n\t\t\t\t<div class=\"elementor-element elementor-element-15adde1 e-flex e-con-boxed e-con e-parent\" data-id=\"15adde1\" data-element_type=\"container\" data-e-type=\"container\">\n\t\t\t\t\t<div class=\"e-con-inner\">\n\t\t\t\t<div class=\"elementor-element elementor-element-6309926 elementor-widget elementor-widget-heading\" data-id=\"6309926\" data-element_type=\"widget\" data-e-type=\"widget\" data-widget_type=\"heading.default\">\n\t\t\t\t<div class=\"elementor-widget-container\">\n\t\t\t\t\t<h4 class=\"elementor-heading-title elementor-size-default\">Legal warning<\/h4>\t\t\t\t<\/div>\n\t\t\t\t<\/div>\n\t\t\t\t\t<\/div>\n\t\t\t\t<\/div>\n\t\t<div class=\"elementor-element elementor-element-5220c8ad e-flex e-con-boxed e-con e-parent\" data-id=\"5220c8ad\" data-element_type=\"container\" data-e-type=\"container\">\n\t\t\t\t\t<div class=\"e-con-inner\">\n\t\t\t\t<div class=\"elementor-element elementor-element-1af0be04 elementor-widget elementor-widget-text-editor\" data-id=\"1af0be04\" data-element_type=\"widget\" data-e-type=\"widget\" data-widget_type=\"text-editor.default\">\n\t\t\t\t<div class=\"elementor-widget-container\">\n\t\t\t\t\t\t\t\t\t\n<h6>1. Datos identificativos.<\/h6>\n\n<p>En cumplimiento con el deber de informaci\u00f3n recogido en art\u00edculo 10 de la Ley 34\/2002, de 11 de julio, de Servicios de la Sociedad de la Informaci\u00f3n y del Comercio Electr\u00f3nico, se facilitan al usuario los siguientes datos: El titular del dominio web gonzalogamizfoto.com es Gonzalo G\u00e1miz Gracia (en adelante Gonzalo G\u00e1miz), con N.I.F.: 29.077.773-T, con domicilio a estos efectos en la calle Francisco Guill\u00f3n, 11, de M\u00e1laga, y correo electr\u00f3nico de contacto: gonzalo@gonzalogamizfoto.com. El sitio web www.gonzalogamizfoto.com, tiene como objeto proporcionar el acceso y poner a disposici\u00f3n de los usuarios de Internet informaci\u00f3n sobre la obra fotogr\u00e1fica de la que Gonzalo G\u00e1miz es autor y propietario intelectual, as\u00ed como sobre los servicios que, dentro del \u00e1mbito de la fotograf\u00eda, ofrece Gonzalo G\u00e1miz.<\/p>\n<p>\u00a0<\/p>\n\n<h6>2. Condiciones generales del uso del portal.<\/h6>\n\n<p>El acceso y\/o uso del sitio web www.gonzalogamizfoto.com atribuye a quien lo realiza la condici\u00f3n de usuario, lo que supone la aceptaci\u00f3n, sin reserva alguna, de todas las Condiciones Generales de Uso aqu\u00ed reflejadas, as\u00ed como de las Condiciones Generales de Contrataci\u00f3n y de cualesquiera otras condiciones que puedan establecerse en relaci\u00f3n con la prestaci\u00f3n, a trav\u00e9s de dicho sitio web, de los servicios ofrecidos por Gonzalo G\u00e1miz. El usuario asume la responsabilidad del uso del sitio web www.gonzalogamizfoto.com, que se extiende al registro voluntario que, en su caso, fuese necesario para acceder a determinados servicios o contenidos. Igualmente, el usuario queda informado y acepta que el acceso a este sitio web no supone, en modo alguno, el inicio de una relaci\u00f3n comercial o contractual con Gonzalo G\u00e1miz.<\/p>\n<p>\u00a0<\/p>\n\n<h6>3. Protecci\u00f3n de datos.<\/h6>\n\n<p>Gonzalo G\u00e1miz cumple con las directrices de la Ley Org\u00e1nica 15\/1999 de 13 de diciembre de Protecci\u00f3n de Datos de Car\u00e1cter Personal, el Real Decreto 1720\/2007 de 21 de diciembre por el que se aprueba el Reglamento de desarrollo de la Ley Org\u00e1nica y dem\u00e1s normativa vigente en cada momento, y vela por garantizar un correcto uso y tratamiento de los datos personales del usuario. El sitio web www.gonzalogamizfoto.com dispone de un formulario de contacto en el cual el mensaje ser\u00e1 enviado, mediante correo electr\u00f3nico, voluntariamente por el usuario, que acepta el uso de dicho formulario como v\u00eda de comunicaci\u00f3n con Gonzalo G\u00e1miz. Los datos de car\u00e1cter personal, incluida la direcci\u00f3n de correo electr\u00f3nico, que el usuario le proporcione al rellenar y enviar el formularios no ser\u00e1n incorporados ni almacenados en ninguna base de datos inform\u00e1tica. Gonzalo G\u00e1miz tratar\u00e1 de forma confidencial los datos de car\u00e1cter personal que el usuario le proporcione, ajust\u00e1ndose a lo establecido en la Ley Org\u00e1nica 15\/1999, de 13 de Diciembre, de Protecci\u00f3n de Datos de Car\u00e1cter Personal y \u00fanicamente utilizar\u00e1 dichos datos para responder a consultas y comentarios de los usuarios y para informarles sobre cursos, talleres, conferencias, eventos y dem\u00e1s temas relacionados con la fotograf\u00eda, organizados y\/o coordinados por Gonzalo G\u00e1miz. En todo caso, el usuario podr\u00e1 ejercitar los derechos de rectificaci\u00f3n, cancelaci\u00f3n y oposici\u00f3n, de conformidad con lo establecido en la legislaci\u00f3n vigente, dirigi\u00e9ndose por correo electr\u00f3nico a gonzalo@gonzalogamizfoto.com<\/p>\n<p>\u00a0<\/p>\n\n<h6>4. Propiedad intelectual e industrial.<\/h6>\n\n<p>Gonzalo G\u00e1miz es el \u00fanico titular de todos los derechos de propiedad intelectual e industrial de su sitio web, as\u00ed como de los contenidos que en ella se exponen (im\u00e1genes, v\u00eddeos, textos; logotipos, dise\u00f1o, etc.) con las \u00fanicas excepciones que, de manera contractual, se establezcan con determinados clientes y en relaci\u00f3n a determinadas obras o contenidos. En virtud de lo dispuesto en los art\u00edculos 8 y 32.1, p\u00e1rrafo segundo, de la Ley de Propiedad Intelectual, quedan expresamente prohibidas la copia, la reproducci\u00f3n, la impresi\u00f3n, la distribuci\u00f3n, la utilizaci\u00f3n y la comunicaci\u00f3n p\u00fablica, incluida la modalidad de puesta a disposici\u00f3n, de la totalidad o parte de los contenidos de este sitio web, con fines comerciales o no, en cualquier soporte y por cualquier medio t\u00e9cnico, sin la expresa autorizaci\u00f3n por escrito de Gonzalo G\u00e1miz. Los contenidos del sitio web www.gonzalogamizfoto son, por consiguiente, obras protegidas como propiedad intelectual por el ordenamiento jur\u00eddico espa\u00f1ol, si\u00e9ndoles aplicables tanto la normativa espa\u00f1ola y comunitaria en este \u00e1mbito, como los tratados internacionales relativos a la materia y suscritos por Espa\u00f1a. Al visitar el sitio web www.gonzalogamizfoto.com el usuario se compromete a respetar los derechos de propiedad intelectual e industrial de sus contenidos, cuya titularidad es de Gonzalo G\u00e1miz. Igualmente, el usuario deber\u00e1 abstenerse de suprimir, alterar, eludir o manipular cualquier dispositivo de protecci\u00f3n o sistema de seguridad instalado en el sitio web www.gonzalogamizfoto.<\/p>\n<p>\u00a0<\/p>\n\n<h6>5. Exclusi\u00f3n de garant\u00edas y responsabilidad.<\/h6>\n\n<p>El usuario reconoce y acepta que la utilizaci\u00f3n del sitio web www.gonzalogamizfoto.com y de sus servicios se realiza bajo su entera y exclusiva responsabilidad. Gonzalo G\u00e1miz adoptar\u00e1, dentro de sus posibilidades y en funci\u00f3n de los medios t\u00e9cnicos disponibles, las medidas necesarias para garantizar el adecuado funcionamiento del sitio web www.gonzalogamizfoto.com y evitar la presencia y transmisi\u00f3n de virus y otros componentes que pudieran perjudicar al usuario. Gonzalo G\u00e1miz no se hace responsable, en ning\u00fan caso, de los da\u00f1os y perjuicios de cualquier naturaleza que se pudieran ocasionar por el acceso a su sitio web, a t\u00edtulo enunciativo: errores u omisiones en los contenidos, falta de disponibilidad del sitio web, transmisi\u00f3n de virus o programas maliciosos o lesivos en los contenidos, a pesar de haber adoptado las medidas t\u00e9cnicas necesarias para evitarlo.<\/p>\n<p>\u00a0<\/p>\n\n<h6>6. Modificaciones.<\/h6>\n\n<p>Gonzalo G\u00e1miz se reserva el derecho a realizar, sin previo aviso, las modificaciones que considere oportunas en su sitio web, pudiendo cambiar, suprimir o a\u00f1adir tanto los contenidos y servicios que se presten a trav\u00e9s del mismo, la forma en la que \u00e9stos aparezcan presentados o las Condiciones de Uso, las cuales ser\u00e1n publicadas en el mismo modo que las enunciadas en este Aviso Legal.<\/p>\n<p>\u00a0<\/p>\n\n<h6>7. Enlaces.<\/h6>\n\n<p>En el caso de que en el sitio web www.gonzalogamizfoto.com aparezcan enlaces o hiperv\u00ednculos hac\u00eda otros sitios web (en concreto \u201credes sociales\u201d), el \u00fanico objeto de dichos enlaces ser\u00eda proporcionar al usuario la posibilidad de acceder con facilidad a dichos sitos web.<\/p>\n\n<p>Gonzalo G\u00e1miz no se hace responsable de los contenidos de los sitios web a los que el usuario pudiera acceder a trav\u00e9s de los enlaces a ellos que aparezcan en www.gonzalogamizfoto.com, y declara que en ning\u00fan caso proceder\u00e1 a examinar o ejercitar alg\u00fan tipo de control sobre dichos sitios web ni sus contenidos. Por lo tanto, en ning\u00fan caso Gonzalo G\u00e1miz asumir\u00e1 responsabilidad ni garantizar\u00e1 la disponibilidad t\u00e9cnica, calidad, fiabilidad, exactitud, amplitud, veracidad, validez y legalidad de cualquier material o informaci\u00f3n contenida en ninguno de dichos hiperv\u00ednculos o sitios web a los que se pudiera acceder por medio de estos enlaces.<\/p>\n\n<p>Igualmente, la inclusi\u00f3n de estas conexiones externas no implicar\u00e1 ning\u00fan tipo de asociaci\u00f3n, fusi\u00f3n o participaci\u00f3n con las entidades propietarias de los dominios conectados.<\/p>\n<p>\u00a0<\/p>\n\n<h6>8. Cookies.<\/h6>\n\n<p>El sitio web www.gonzalogamizfoto.com Gonzalo G\u00e0miz puede utilizar cookies cuando el usuario navega por sus p\u00e1ginas. Dichas cookies, son peque\u00f1os ficheros de datos que se almacenan en el ordenador del usuario y que permiten a nuestros sistemas obtener informaci\u00f3n relativa a la p\u00e1gina concreta del sitio web en la que el usuario estuvo en su \u00faltima visita al mismo, as\u00ed como a las preferencias del usuario en su navegaci\u00f3n por este sitio web, todo ello con fines estad\u00edsticos y de mejora del servicio y adaptaci\u00f3n de \u00e9ste a las preferencias del usuario. Dichas cookies tienen un per\u00edodo de validez limitado. En cualquier caso, la aceptaci\u00f3n de las cookies por el usuario no es imprescindible para visitar el sitio web, por lo que el usuario puede eviar la utilizaci\u00f3n de las cookies configurando su navegador a tal efecto.<\/p>\n<p>\u00a0<\/p>\n\n<h6>9. Derecho de exclusi\u00f3n.<\/h6>\n\n<p>Gonzalo G\u00e1miz se reserva el derecho a denegar o retirar el acceso al contenido del sitio web www.gonzalogamizfoto.com y\/o a los servicios ofrecidos en \u00e9ste sin necesidad de preaviso, a instancia propia o de un tercero, a aquellos usuarios que incumplan las presentes Condiciones Generales de Uso.<\/p>\n<p>\u00a0<\/p>\n\n<h6>10. Generalidades.<\/h6>\n\n<p>Gonzalo G\u00e1miz perseguir\u00e1 el incumplimiento de las presentes Condiciones Generales de Uso as\u00ed como cualquier utilizaci\u00f3n indebida de su portal ejerciendo todas las acciones civiles y penales que le puedan corresponder en derecho.<\/p>\n<p>\u00a0<\/p>\n\n<h6>11. Legislaci\u00f3n aplicable y jurisdicci\u00f3n.<\/h6>\n\n<p>La relaci\u00f3n entre Gonzalo G\u00e1miz y el usuario se regir\u00e1 por la normativa espa\u00f1ola vigente y cualquier disputa legal ser\u00e1 resuelta por los juzgados de la ciudad de M\u00e1laga (Espa\u00f1a).<\/p>\n\t\t\t\t\t\t\t\t<\/div>\n\t\t\t\t<\/div>\n\t\t\t\t\t<\/div>\n\t\t\t\t<\/div>\n\t\t\t\t<\/div>","protected":false},"excerpt":{"rendered":"<p>Aviso legal 1. Datos identificativos. En cumplimiento con el deber de informaci\u00f3n recogido en art\u00edculo 10 de la Ley 34\/2002, de 11 de julio, de Servicios de la Sociedad de la Informaci\u00f3n y del Comercio Electr\u00f3nico, se facilitan al usuario los siguientes datos: El titular del dominio web gonzalogamizfoto.com es Gonzalo G\u00e1miz Gracia (en adelante [&hellip;]<\/p>\n","protected":false},"author":2,"featured_media":0,"parent":0,"menu_order":0,"comment_status":"closed","ping_status":"closed","template":"","meta":{"footnotes":""},"class_list":["post-5431","page","type-page","status-publish","hentry"],"_links":{"self":[{"href":"https:\/\/gonzalogamizfoto.com\/en\/wp-json\/wp\/v2\/pages\/5431","targetHints":{"allow":["GET"]}}],"collection":[{"href":"https:\/\/gonzalogamizfoto.com\/en\/wp-json\/wp\/v2\/pages"}],"about":[{"href":"https:\/\/gonzalogamizfoto.com\/en\/wp-json\/wp\/v2\/types\/page"}],"author":[{"embeddable":true,"href":"https:\/\/gonzalogamizfoto.com\/en\/wp-json\/wp\/v2\/users\/2"}],"replies":[{"embeddable":true,"href":"https:\/\/gonzalogamizfoto.com\/en\/wp-json\/wp\/v2\/comments?post=5431"}],"version-history":[{"count":8,"href":"https:\/\/gonzalogamizfoto.com\/en\/wp-json\/wp\/v2\/pages\/5431\/revisions"}],"predecessor-version":[{"id":7971,"href":"https:\/\/gonzalogamizfoto.com\/en\/wp-json\/wp\/v2\/pages\/5431\/revisions\/7971"}],"wp:attachment":[{"href":"https:\/\/gonzalogamizfoto.com\/en\/wp-json\/wp\/v2\/media?parent=5431"}],"curies":[{"name":"wp","href":"https:\/\/api.w.org\/{rel}","templated":true}]}}