{"id":5433,"date":"2023-09-27T11:07:14","date_gmt":"2023-09-27T09:07:14","guid":{"rendered":"http:\/\/gonzalogamizfoto.com\/?page_id=5433"},"modified":"2023-10-18T10:01:04","modified_gmt":"2023-10-18T08:01:04","slug":"politica-de-privacidad","status":"publish","type":"page","link":"https:\/\/gonzalogamizfoto.com\/en\/politica-de-privacidad\/","title":{"rendered":"Privacy policy"},"content":{"rendered":"<div data-elementor-type=\"wp-page\" data-elementor-id=\"5433\" class=\"elementor elementor-5433\" data-elementor-post-type=\"page\">\n\t\t\t\t<div class=\"elementor-element elementor-element-fdff985 e-flex e-con-boxed e-con e-parent\" data-id=\"fdff985\" data-element_type=\"container\" data-e-type=\"container\">\n\t\t\t\t\t<div class=\"e-con-inner\">\n\t\t\t\t<div class=\"elementor-element elementor-element-5b43a92 elementor-widget elementor-widget-heading\" data-id=\"5b43a92\" data-element_type=\"widget\" data-e-type=\"widget\" data-widget_type=\"heading.default\">\n\t\t\t\t<div class=\"elementor-widget-container\">\n\t\t\t\t\t<h2 class=\"elementor-heading-title elementor-size-default\">Privacy policy<\/h2>\t\t\t\t<\/div>\n\t\t\t\t<\/div>\n\t\t\t\t\t<\/div>\n\t\t\t\t<\/div>\n\t\t<div class=\"elementor-element elementor-element-7100295 e-flex e-con-boxed e-con e-parent\" data-id=\"7100295\" data-element_type=\"container\" data-e-type=\"container\">\n\t\t\t\t\t<div class=\"e-con-inner\">\n\t\t\t\t<div class=\"elementor-element elementor-element-73137158 elementor-widget elementor-widget-text-editor\" data-id=\"73137158\" data-element_type=\"widget\" data-e-type=\"widget\" data-widget_type=\"text-editor.default\">\n\t\t\t\t<div class=\"elementor-widget-container\">\n\t\t\t\t\t\t\t\t\t\n<h6 class=\"wp-block-heading\">Protecci\u00f3n de Datos Y Privacidad. Por qu\u00e9 solicitamos sus datos personales<\/h6>\n\n<p>Le pedimos que comparta sus datos personales con nosotros para fines entre los que se incluyen, pero sin limitarse a ellos, los siguientes:<\/p>\n\n<ul class=\"wp-block-list\">\n<li>Poder comunicarnos mediante correo electr\u00f3nico o tel\u00e9fono para resolver sus dudas.<\/li>\n\n<li>Comunicaciones comerciales con nuestros clientes.<\/li>\n<\/ul>\n\n<p>El tratamiento de sus datos personales se efect\u00faa solo para los fines que se le hayan comunicado a su empresa. En caso de utilizarlos para otros fines (estrechamente relacionados), se adoptar\u00e1n medidas de protecci\u00f3n de datos adicionales si as\u00ed lo exige la ley y se comunicar\u00e1 de forma inequ\u00edvoca.<\/p>\n<p>\u00a0<\/p>\n\n<h6 class=\"wp-block-heading\">Tipos de datos personales que recogemos<\/h6>\n\n<p>Adem\u00e1s durante su navegaci\u00f3n por nuestras\u00a0p\u00e1ginas:<\/p>\n\n<ul class=\"wp-block-list\">\n<li>Su direcci\u00f3n IP<\/li>\n\n<li>ID de cookie<\/li>\n<\/ul>\n\n<h6 class=\"wp-block-heading\">\u00a0<\/h6>\n<h6 class=\"wp-block-heading\">C\u00f3mo se recogen los datos<\/h6>\n\n<p>Sus datos se recogen de la siguiente forma:<\/p>\n\n<ul class=\"wp-block-list\">\n<li>Entregados por su empresa para la realizaci\u00f3n del servicio.<\/li>\n\n<li>Registrados por el propio usuario directamente (mediante formulario)<\/li>\n<\/ul>\n\t\t\t\t\t\t\t\t<\/div>\n\t\t\t\t<\/div>\n\t\t\t\t\t<\/div>\n\t\t\t\t<\/div>\n\t\t\t\t<\/div>","protected":false},"excerpt":{"rendered":"<p>Pol\u00edtica de privacidad Protecci\u00f3n de Datos Y Privacidad. Por qu\u00e9 solicitamos sus datos personales Le pedimos que comparta sus datos personales con nosotros para fines entre los que se incluyen, pero sin limitarse a ellos, los siguientes: El tratamiento de sus datos personales se efect\u00faa solo para los fines que se le hayan comunicado a [&hellip;]<\/p>\n","protected":false},"author":2,"featured_media":0,"parent":0,"menu_order":0,"comment_status":"closed","ping_status":"closed","template":"","meta":{"footnotes":""},"class_list":["post-5433","page","type-page","status-publish","hentry"],"_links":{"self":[{"href":"https:\/\/gonzalogamizfoto.com\/en\/wp-json\/wp\/v2\/pages\/5433","targetHints":{"allow":["GET"]}}],"collection":[{"href":"https:\/\/gonzalogamizfoto.com\/en\/wp-json\/wp\/v2\/pages"}],"about":[{"href":"https:\/\/gonzalogamizfoto.com\/en\/wp-json\/wp\/v2\/types\/page"}],"author":[{"embeddable":true,"href":"https:\/\/gonzalogamizfoto.com\/en\/wp-json\/wp\/v2\/users\/2"}],"replies":[{"embeddable":true,"href":"https:\/\/gonzalogamizfoto.com\/en\/wp-json\/wp\/v2\/comments?post=5433"}],"version-history":[{"count":17,"href":"https:\/\/gonzalogamizfoto.com\/en\/wp-json\/wp\/v2\/pages\/5433\/revisions"}],"predecessor-version":[{"id":7968,"href":"https:\/\/gonzalogamizfoto.com\/en\/wp-json\/wp\/v2\/pages\/5433\/revisions\/7968"}],"wp:attachment":[{"href":"https:\/\/gonzalogamizfoto.com\/en\/wp-json\/wp\/v2\/media?parent=5433"}],"curies":[{"name":"wp","href":"https:\/\/api.w.org\/{rel}","templated":true}]}}